{"id":689,"date":"2019-05-21T14:24:26","date_gmt":"2019-05-21T12:24:26","guid":{"rendered":"http:\/\/fado.g2team-dev.com\/?page_id=689"},"modified":"2019-05-28T14:11:15","modified_gmt":"2019-05-28T12:11:15","slug":"long-term-rental","status":"publish","type":"page","link":"https:\/\/fadoauto.pl\/en\/long-term-rental\/","title":{"rendered":"Long term rental"},"content":{"rendered":"    <\/div>\r\n<section class=\"hero\" style=\"background-image: url(https:\/\/fadoauto.pl\/wp-content\/uploads\/2019\/05\/bg2.jpg)\">\r\n    <div class=\"container-small\">\r\n        <h1>Long-term rental<\/h1>\n<p>A simple and cheap way to get additional ones<br \/>\nmeans of transport for your company<\/p>\n    <\/div>\r\n<\/section>\r\n<div class=\"container-small\">\r\n\n\n\n<h2 class=\"wp-block-heading\"><span>Long-term rental<\/span> is perfect <br> way to develop your fleet<\/h2>\n\n\n<\/div>\n\n<section class=\"about-us about-us--padding\">\r\n    <div class=\"container\">\r\n                <div class=\"about-us__image\">\r\n            <img decoding=\"async\" src=\"https:\/\/fadoauto.pl\/wp-content\/uploads\/2019\/05\/img2.jpg\" alt=\"\">\r\n        <\/div>\r\n        <div class=\"about-us__text\">\r\n            <p>In long-term rental system the fees are distributed over the time. It helps you to save time and optimize your expenses. Please choose a vehicle, we will do the rest!<\/p>\n                    <\/div>\r\n    <\/div>\r\n<\/section>\n\n<div class=\"container\">\r\n    <div class=\"text-block-2\">\r\n        <div class=\"text-block-2__left\">\r\n            <h3>Financial benefits:<\/h3>\n<ul>\n<li>low level of the initial capital,<\/li>\n<li>no correlation with the customer\u2019s credit worthiness,<\/li>\n<li>precyzyjna kalkulacja koszt\u00f3w w czasie w tym brak wysokich op\u0142at wst\u0119pnych do umowy leasingowej\/kredytowej<\/li>\n<li>Insurance fees, a current vehicle service and replacing tires (summer\/winter) are included in your monthly fees<\/li>\n<li>You can classify your monthly rental fees to the standard business expenses<\/li>\n<li>attractive prices for a rental and vehicle exploitation services<\/li>\n<\/ul>\n        <\/div>\r\n        <div class=\"text-block-2__right\">\r\n            <img decoding=\"async\" src=\"\" alt=\"\">\r\n        <\/div>\r\n    <\/div>\r\n<\/div>\n\n<section class=\"offer\">\r\n    <div class=\"container\">\r\n        <h3>We provide<\/h3>\r\n                    <div class=\"offer__item\">\r\n                <div class=\"offer-item\">\r\n                    <div class=\"offer-item__image\">\r\n                        <img decoding=\"async\" src=\"https:\/\/fadoauto.pl\/wp-content\/uploads\/2019\/05\/serwistechniczny.svg\" alt=\"\"> <span><\/span>\r\n                    <\/div>\r\n                    <h4> Car technical service <\/h4>\n<p>Our cars are constantly serviced at authorized sites. You can be sure that the car is in perfect technical condition.<\/p>\n                <\/div>\r\n            <\/div>\r\n                    <div class=\"offer__item\">\r\n                <div class=\"offer-item\">\r\n                    <div class=\"offer-item__image\">\r\n                        <img decoding=\"async\" src=\"https:\/\/fadoauto.pl\/wp-content\/uploads\/2019\/05\/ubezpieczenia-oc-ac.svg\" alt=\"\"> <span><\/span>\r\n                    <\/div>\r\n                    <h4>Comprehensive OC and AC insurance<\/h4>\n<p>The OC and AC insurance ensures smooth travel throughout the European Union. Your car is always insured.<\/p>\n                <\/div>\r\n            <\/div>\r\n                    <div class=\"offer__item\">\r\n                <div class=\"offer-item\">\r\n                    <div class=\"offer-item__image\">\r\n                        <img decoding=\"async\" src=\"https:\/\/fadoauto.pl\/wp-content\/uploads\/2019\/05\/samochodzocsprawcy.svg\" alt=\"\"> <span><\/span>\r\n                    <\/div>\r\n                    <h4>Accident Replacement Cars<\/h4>\n<p>A special offer for companies and people who often rent delivery trucks. Use the Replacement car service for a month and save.<\/p>\n                <\/div>\r\n            <\/div>\r\n            <\/div>\r\n<\/section>\r\n","protected":false},"excerpt":{"rendered":"<p>Long-term rental is perfect way to develop your fleet<\/p>\n","protected":false},"author":1,"featured_media":0,"parent":0,"menu_order":0,"comment_status":"closed","ping_status":"closed","template":"page-full.php","meta":{"_acf_changed":false,"footnotes":""},"class_list":["post-689","page","type-page","status-publish","hentry"],"acf":[],"yoast_head":"<!-- This site is optimized with the Yoast SEO plugin v27.4 - https:\/\/yoast.com\/product\/yoast-seo-wordpress\/ -->\n<title>&#x1f947;Long term rental - Fado - Wypo\u017cyczalnia samochod&oacute;w Szczecin Tel. 697 87 87 87<\/title>\n<meta name=\"robots\" content=\"index, follow, max-snippet:-1, max-image-preview:large, max-video-preview:-1\" \/>\n<link rel=\"canonical\" href=\"https:\/\/fadoauto.pl\/wynajem-dlugoterminowy\/\" \/>\n<meta property=\"og:locale\" content=\"en_US\" \/>\n<meta property=\"og:type\" content=\"article\" \/>\n<meta property=\"og:title\" content=\"&#x1f947;Long term rental - Fado - Wypo\u017cyczalnia samochod&oacute;w Szczecin Tel. 697 87 87 87\" \/>\n<meta property=\"og:description\" content=\"Long-term rental is perfect way to develop your fleet\" \/>\n<meta property=\"og:url\" content=\"https:\/\/fadoauto.pl\/wynajem-dlugoterminowy\/\" \/>\n<meta property=\"og:site_name\" content=\"Fado - Wypo\u017cyczalnia samochod&oacute;w Szczecin Tel. 697 87 87 87\" \/>\n<meta property=\"article:modified_time\" content=\"2019-05-28T12:11:15+00:00\" \/>\n<meta name=\"twitter:card\" content=\"summary_large_image\" \/>\n<script type=\"application\/ld+json\" class=\"yoast-schema-graph\">{\"@context\":\"https:\\\/\\\/schema.org\",\"@graph\":[{\"@type\":\"WebPage\",\"@id\":\"https:\\\/\\\/fadoauto.pl\\\/wynajem-dlugoterminowy\\\/\",\"url\":\"https:\\\/\\\/fadoauto.pl\\\/wynajem-dlugoterminowy\\\/\",\"name\":\"&#x1f947;Long term rental - Fado - Wypo\u017cyczalnia samochod&oacute;w Szczecin Tel. 697 87 87 87\",\"isPartOf\":{\"@id\":\"https:\\\/\\\/fadoauto.pl\\\/#website\"},\"datePublished\":\"2019-05-21T12:24:26+00:00\",\"dateModified\":\"2019-05-28T12:11:15+00:00\",\"breadcrumb\":{\"@id\":\"https:\\\/\\\/fadoauto.pl\\\/wynajem-dlugoterminowy\\\/#breadcrumb\"},\"inLanguage\":\"en-US\",\"potentialAction\":[{\"@type\":\"ReadAction\",\"target\":[\"https:\\\/\\\/fadoauto.pl\\\/wynajem-dlugoterminowy\\\/\"]}]},{\"@type\":\"BreadcrumbList\",\"@id\":\"https:\\\/\\\/fadoauto.pl\\\/wynajem-dlugoterminowy\\\/#breadcrumb\",\"itemListElement\":[{\"@type\":\"ListItem\",\"position\":1,\"name\":\"Strona g\u0142\u00f3wna\",\"item\":\"https:\\\/\\\/fadoauto.pl\\\/en\\\/\"},{\"@type\":\"ListItem\",\"position\":2,\"name\":\"Long term rental\"}]},{\"@type\":\"WebSite\",\"@id\":\"https:\\\/\\\/fadoauto.pl\\\/#website\",\"url\":\"https:\\\/\\\/fadoauto.pl\\\/\",\"name\":\"Fado - Wypo\u017cyczalnia samochod\u00f3w Szczecin Tel. 697 87 87 87\",\"description\":\"Wypo\u017cyczalnia samochod&oacute;w Szczecin - Fado, auta dostawcze oraz osobowe. Wynajem aut.\",\"potentialAction\":[{\"@type\":\"SearchAction\",\"target\":{\"@type\":\"EntryPoint\",\"urlTemplate\":\"https:\\\/\\\/fadoauto.pl\\\/?s={search_term_string}\"},\"query-input\":{\"@type\":\"PropertyValueSpecification\",\"valueRequired\":true,\"valueName\":\"search_term_string\"}}],\"inLanguage\":\"en-US\"}]}<\/script>\n<!-- \/ Yoast SEO plugin. -->","yoast_head_json":{"title":"&#x1f947;Long term rental - Fado - Wypo\u017cyczalnia samochod&oacute;w Szczecin Tel. 697 87 87 87","robots":{"index":"index","follow":"follow","max-snippet":"max-snippet:-1","max-image-preview":"max-image-preview:large","max-video-preview":"max-video-preview:-1"},"canonical":"https:\/\/fadoauto.pl\/wynajem-dlugoterminowy\/","og_locale":"en_US","og_type":"article","og_title":"&#x1f947;Long term rental - Fado - Wypo\u017cyczalnia samochod&oacute;w Szczecin Tel. 697 87 87 87","og_description":"Long-term rental is perfect way to develop your fleet","og_url":"https:\/\/fadoauto.pl\/wynajem-dlugoterminowy\/","og_site_name":"Fado - Wypo\u017cyczalnia samochod&oacute;w Szczecin Tel. 697 87 87 87","article_modified_time":"2019-05-28T12:11:15+00:00","twitter_card":"summary_large_image","schema":{"@context":"https:\/\/schema.org","@graph":[{"@type":"WebPage","@id":"https:\/\/fadoauto.pl\/wynajem-dlugoterminowy\/","url":"https:\/\/fadoauto.pl\/wynajem-dlugoterminowy\/","name":"&#x1f947;Long term rental - Fado - Wypo\u017cyczalnia samochod&oacute;w Szczecin Tel. 697 87 87 87","isPartOf":{"@id":"https:\/\/fadoauto.pl\/#website"},"datePublished":"2019-05-21T12:24:26+00:00","dateModified":"2019-05-28T12:11:15+00:00","breadcrumb":{"@id":"https:\/\/fadoauto.pl\/wynajem-dlugoterminowy\/#breadcrumb"},"inLanguage":"en-US","potentialAction":[{"@type":"ReadAction","target":["https:\/\/fadoauto.pl\/wynajem-dlugoterminowy\/"]}]},{"@type":"BreadcrumbList","@id":"https:\/\/fadoauto.pl\/wynajem-dlugoterminowy\/#breadcrumb","itemListElement":[{"@type":"ListItem","position":1,"name":"Strona g\u0142\u00f3wna","item":"https:\/\/fadoauto.pl\/en\/"},{"@type":"ListItem","position":2,"name":"Long term rental"}]},{"@type":"WebSite","@id":"https:\/\/fadoauto.pl\/#website","url":"https:\/\/fadoauto.pl\/","name":"Fado - Wypo\u017cyczalnia samochod\u00f3w Szczecin Tel. 697 87 87 87","description":"Wypo\u017cyczalnia samochod&oacute;w Szczecin - Fado, auta dostawcze oraz osobowe. Wynajem aut.","potentialAction":[{"@type":"SearchAction","target":{"@type":"EntryPoint","urlTemplate":"https:\/\/fadoauto.pl\/?s={search_term_string}"},"query-input":{"@type":"PropertyValueSpecification","valueRequired":true,"valueName":"search_term_string"}}],"inLanguage":"en-US"}]}},"_links":{"self":[{"href":"https:\/\/fadoauto.pl\/en\/wp-json\/wp\/v2\/pages\/689","targetHints":{"allow":["GET"]}}],"collection":[{"href":"https:\/\/fadoauto.pl\/en\/wp-json\/wp\/v2\/pages"}],"about":[{"href":"https:\/\/fadoauto.pl\/en\/wp-json\/wp\/v2\/types\/page"}],"author":[{"embeddable":true,"href":"https:\/\/fadoauto.pl\/en\/wp-json\/wp\/v2\/users\/1"}],"replies":[{"embeddable":true,"href":"https:\/\/fadoauto.pl\/en\/wp-json\/wp\/v2\/comments?post=689"}],"version-history":[{"count":11,"href":"https:\/\/fadoauto.pl\/en\/wp-json\/wp\/v2\/pages\/689\/revisions"}],"predecessor-version":[{"id":922,"href":"https:\/\/fadoauto.pl\/en\/wp-json\/wp\/v2\/pages\/689\/revisions\/922"}],"wp:attachment":[{"href":"https:\/\/fadoauto.pl\/en\/wp-json\/wp\/v2\/media?parent=689"}],"curies":[{"name":"wp","href":"https:\/\/api.w.org\/{rel}","templated":true}]}}