{"id":688,"date":"2019-05-10T11:18:13","date_gmt":"2019-05-10T09:18:13","guid":{"rendered":"http:\/\/fado.g2team-dev.com\/?page_id=688"},"modified":"2021-07-01T13:43:53","modified_gmt":"2021-07-01T11:43:53","slug":"contact","status":"publish","type":"page","link":"https:\/\/fadoauto.pl\/en\/contact\/","title":{"rendered":"Contact Us"},"content":{"rendered":"\n<h3 class=\"wp-block-heading\">Contact data<\/h3>\n\n\n\n<p>Quick contact<\/p>\n\n\n<a class=\"quick-contact\" href=\"tel:+48 697 87 87 87\">\r\n    <img decoding=\"async\" src=\"https:\/\/fadoauto.pl\/wp-content\/themes\/fado\/assets\/img\/tel-contact.svg\" alt=\"\">\r\n    <span>+48 697 87 87 87<\/span>\r\n<\/a>\n\n<a class=\"quick-contact\" href=\"mailto:biuro@fadoauto.pl\">\r\n    <img decoding=\"async\" src=\"https:\/\/fadoauto.pl\/wp-content\/themes\/fado\/assets\/img\/mailto-contact.svg\" alt=\"\">\r\n    <span>biuro@fadoauto.pl<\/span>\r\n<\/a>\n\n\n<p>Our address<\/p>\n\n\n<div class=\"contact__address\">\r\n    <img decoding=\"async\" src=\"https:\/\/fadoauto.pl\/wp-content\/themes\/fado\/assets\/img\/map-contact.svg\" alt=\"\">\r\n    ul. Po\u0142udniowa 5 (I FLOOR), <br \/>\r\n71-001 Szczecin<br \/>\r\n<br \/>\r\nMon-Fri 08:00 &#8211; 16:00<br \/>\r\nSaturday 08:00 &#8211; 16:00<br \/>\r\n<br \/>\r\nafter working hours, <br \/>\r\nwe are at your disposal after <br \/>\r\nearlier telephone contact.<\/div>\r\n","protected":false},"excerpt":{"rendered":"<p>Contact data Quick contact Our address<\/p>\n","protected":false},"author":1,"featured_media":0,"parent":0,"menu_order":0,"comment_status":"closed","ping_status":"closed","template":"page-kontakt.php","meta":{"_acf_changed":false,"footnotes":""},"class_list":["post-688","page","type-page","status-publish","hentry"],"acf":[],"yoast_head":"<!-- This site is optimized with the Yoast SEO plugin v27.4 - https:\/\/yoast.com\/product\/yoast-seo-wordpress\/ -->\n<title>&#x1f947; Kontakt - Fado - Wypo\u017cyczalnia samochod&oacute;w Szczecin Tel. 697 87 87 87<\/title>\n<meta name=\"description\" content=\"Zadzwo\u0144 ju\u017c dzi\u015b: tel. +48 697 878 787. Wypo\u017cyczalnia samochod\u00f3w Szczecin: nowe auta dostawcze i osobowe. Najlepsze ceny. Zapraszamy do kontaktu.\" \/>\n<meta name=\"robots\" content=\"index, follow, max-snippet:-1, max-image-preview:large, max-video-preview:-1\" \/>\n<link rel=\"canonical\" href=\"https:\/\/fadoauto.pl\/kontakt\/\" \/>\n<meta property=\"og:locale\" content=\"en_US\" \/>\n<meta property=\"og:type\" content=\"article\" \/>\n<meta property=\"og:title\" content=\"&#x1f947; Kontakt - Fado - Wypo\u017cyczalnia samochod&oacute;w Szczecin Tel. 697 87 87 87\" \/>\n<meta property=\"og:description\" content=\"Zadzwo\u0144 ju\u017c dzi\u015b: tel. +48 697 878 787. Wypo\u017cyczalnia samochod\u00f3w Szczecin: nowe auta dostawcze i osobowe. Najlepsze ceny. Zapraszamy do kontaktu.\" \/>\n<meta property=\"og:url\" content=\"https:\/\/fadoauto.pl\/kontakt\/\" \/>\n<meta property=\"og:site_name\" content=\"Fado - Wypo\u017cyczalnia samochod&oacute;w Szczecin Tel. 697 87 87 87\" \/>\n<meta property=\"article:modified_time\" content=\"2021-07-01T11:43:53+00:00\" \/>\n<meta name=\"twitter:card\" content=\"summary_large_image\" \/>\n<script type=\"application\/ld+json\" class=\"yoast-schema-graph\">{\"@context\":\"https:\\\/\\\/schema.org\",\"@graph\":[{\"@type\":\"WebPage\",\"@id\":\"https:\\\/\\\/fadoauto.pl\\\/kontakt\\\/\",\"url\":\"https:\\\/\\\/fadoauto.pl\\\/kontakt\\\/\",\"name\":\"&#x1f947; Kontakt - Fado - Wypo\u017cyczalnia samochod&oacute;w Szczecin Tel. 697 87 87 87\",\"isPartOf\":{\"@id\":\"https:\\\/\\\/fadoauto.pl\\\/#website\"},\"datePublished\":\"2019-05-10T09:18:13+00:00\",\"dateModified\":\"2021-07-01T11:43:53+00:00\",\"description\":\"Zadzwo\u0144 ju\u017c dzi\u015b: tel. +48 697 878 787. Wypo\u017cyczalnia samochod\u00f3w Szczecin: nowe auta dostawcze i osobowe. Najlepsze ceny. Zapraszamy do kontaktu.\",\"breadcrumb\":{\"@id\":\"https:\\\/\\\/fadoauto.pl\\\/kontakt\\\/#breadcrumb\"},\"inLanguage\":\"en-US\",\"potentialAction\":[{\"@type\":\"ReadAction\",\"target\":[\"https:\\\/\\\/fadoauto.pl\\\/kontakt\\\/\"]}]},{\"@type\":\"BreadcrumbList\",\"@id\":\"https:\\\/\\\/fadoauto.pl\\\/kontakt\\\/#breadcrumb\",\"itemListElement\":[{\"@type\":\"ListItem\",\"position\":1,\"name\":\"Strona g\u0142\u00f3wna\",\"item\":\"https:\\\/\\\/fadoauto.pl\\\/en\\\/\"},{\"@type\":\"ListItem\",\"position\":2,\"name\":\"Contact Us\"}]},{\"@type\":\"WebSite\",\"@id\":\"https:\\\/\\\/fadoauto.pl\\\/#website\",\"url\":\"https:\\\/\\\/fadoauto.pl\\\/\",\"name\":\"Fado - Wypo\u017cyczalnia samochod\u00f3w Szczecin Tel. 697 87 87 87\",\"description\":\"Wypo\u017cyczalnia samochod&oacute;w Szczecin - Fado, auta dostawcze oraz osobowe. Wynajem aut.\",\"potentialAction\":[{\"@type\":\"SearchAction\",\"target\":{\"@type\":\"EntryPoint\",\"urlTemplate\":\"https:\\\/\\\/fadoauto.pl\\\/?s={search_term_string}\"},\"query-input\":{\"@type\":\"PropertyValueSpecification\",\"valueRequired\":true,\"valueName\":\"search_term_string\"}}],\"inLanguage\":\"en-US\"}]}<\/script>\n<!-- \/ Yoast SEO plugin. -->","yoast_head_json":{"title":"&#x1f947; Kontakt - Fado - Wypo\u017cyczalnia samochod&oacute;w Szczecin Tel. 697 87 87 87","description":"Zadzwo\u0144 ju\u017c dzi\u015b: tel. +48 697 878 787. Wypo\u017cyczalnia samochod\u00f3w Szczecin: nowe auta dostawcze i osobowe. Najlepsze ceny. Zapraszamy do kontaktu.","robots":{"index":"index","follow":"follow","max-snippet":"max-snippet:-1","max-image-preview":"max-image-preview:large","max-video-preview":"max-video-preview:-1"},"canonical":"https:\/\/fadoauto.pl\/kontakt\/","og_locale":"en_US","og_type":"article","og_title":"&#x1f947; Kontakt - Fado - Wypo\u017cyczalnia samochod&oacute;w Szczecin Tel. 697 87 87 87","og_description":"Zadzwo\u0144 ju\u017c dzi\u015b: tel. +48 697 878 787. Wypo\u017cyczalnia samochod\u00f3w Szczecin: nowe auta dostawcze i osobowe. Najlepsze ceny. Zapraszamy do kontaktu.","og_url":"https:\/\/fadoauto.pl\/kontakt\/","og_site_name":"Fado - Wypo\u017cyczalnia samochod&oacute;w Szczecin Tel. 697 87 87 87","article_modified_time":"2021-07-01T11:43:53+00:00","twitter_card":"summary_large_image","schema":{"@context":"https:\/\/schema.org","@graph":[{"@type":"WebPage","@id":"https:\/\/fadoauto.pl\/kontakt\/","url":"https:\/\/fadoauto.pl\/kontakt\/","name":"&#x1f947; Kontakt - Fado - Wypo\u017cyczalnia samochod&oacute;w Szczecin Tel. 697 87 87 87","isPartOf":{"@id":"https:\/\/fadoauto.pl\/#website"},"datePublished":"2019-05-10T09:18:13+00:00","dateModified":"2021-07-01T11:43:53+00:00","description":"Zadzwo\u0144 ju\u017c dzi\u015b: tel. +48 697 878 787. Wypo\u017cyczalnia samochod\u00f3w Szczecin: nowe auta dostawcze i osobowe. Najlepsze ceny. Zapraszamy do kontaktu.","breadcrumb":{"@id":"https:\/\/fadoauto.pl\/kontakt\/#breadcrumb"},"inLanguage":"en-US","potentialAction":[{"@type":"ReadAction","target":["https:\/\/fadoauto.pl\/kontakt\/"]}]},{"@type":"BreadcrumbList","@id":"https:\/\/fadoauto.pl\/kontakt\/#breadcrumb","itemListElement":[{"@type":"ListItem","position":1,"name":"Strona g\u0142\u00f3wna","item":"https:\/\/fadoauto.pl\/en\/"},{"@type":"ListItem","position":2,"name":"Contact Us"}]},{"@type":"WebSite","@id":"https:\/\/fadoauto.pl\/#website","url":"https:\/\/fadoauto.pl\/","name":"Fado - Wypo\u017cyczalnia samochod\u00f3w Szczecin Tel. 697 87 87 87","description":"Wypo\u017cyczalnia samochod&oacute;w Szczecin - Fado, auta dostawcze oraz osobowe. Wynajem aut.","potentialAction":[{"@type":"SearchAction","target":{"@type":"EntryPoint","urlTemplate":"https:\/\/fadoauto.pl\/?s={search_term_string}"},"query-input":{"@type":"PropertyValueSpecification","valueRequired":true,"valueName":"search_term_string"}}],"inLanguage":"en-US"}]}},"_links":{"self":[{"href":"https:\/\/fadoauto.pl\/en\/wp-json\/wp\/v2\/pages\/688","targetHints":{"allow":["GET"]}}],"collection":[{"href":"https:\/\/fadoauto.pl\/en\/wp-json\/wp\/v2\/pages"}],"about":[{"href":"https:\/\/fadoauto.pl\/en\/wp-json\/wp\/v2\/types\/page"}],"author":[{"embeddable":true,"href":"https:\/\/fadoauto.pl\/en\/wp-json\/wp\/v2\/users\/1"}],"replies":[{"embeddable":true,"href":"https:\/\/fadoauto.pl\/en\/wp-json\/wp\/v2\/comments?post=688"}],"version-history":[{"count":9,"href":"https:\/\/fadoauto.pl\/en\/wp-json\/wp\/v2\/pages\/688\/revisions"}],"predecessor-version":[{"id":1299,"href":"https:\/\/fadoauto.pl\/en\/wp-json\/wp\/v2\/pages\/688\/revisions\/1299"}],"wp:attachment":[{"href":"https:\/\/fadoauto.pl\/en\/wp-json\/wp\/v2\/media?parent=688"}],"curies":[{"name":"wp","href":"https:\/\/api.w.org\/{rel}","templated":true}]}}