{"id":687,"date":"2019-05-21T14:24:22","date_gmt":"2019-05-21T12:24:22","guid":{"rendered":"http:\/\/fado.g2team-dev.com\/?page_id=687"},"modified":"2021-03-04T09:34:50","modified_gmt":"2021-03-04T08:34:50","slug":"about-us","status":"publish","type":"page","link":"https:\/\/fadoauto.pl\/en\/about-us\/","title":{"rendered":"About us"},"content":{"rendered":"    <\/div>\r\n<section class=\"hero\" style=\"background-image: url(https:\/\/fadoauto.pl\/wp-content\/uploads\/2019\/05\/hero.jpg)\">\r\n    <div class=\"container-small\">\r\n        <h1>About our company<\/h1>\n<p>More than 10 years of experience <br \/>\nWe permanently expand and modernize our fleet!<\/p>\n    <\/div>\r\n<\/section>\r\n<div class=\"container-small\">\r\n\n\n\n<h2 class=\"wp-block-heading\"> <span> FADO <\/span> rental<br>delivery vans <\/h2>\n\n\n<section class=\"text-block\">\n    <div class=\"text-block__top\">\n        <div class=\"text-block__top__left\">\n            <img decoding=\"async\" src=\"https:\/\/fadoauto.pl\/wp-content\/uploads\/2019\/05\/car_0.jpg\" alt=\"\">\n        <\/div>\n        <div class=\"text-block__top__right\">\n            <p>FADO is a professional car rental company which offers you a wide range of passenger cars and vans in short as well as long time rental system.<\/p>\n<p>Our services are dedicated to those companies which want to get an extra car for or seasonal business and realization of theirs project in particular time period. <\/p>\n<p>In our fleet you will find a wide range of vehicles in various sizes. All vehicles are equipped with air conditioning system and have got full insurance with Assistance package.<\/p>\n<p>All our vehicles have got an air conditioning system and they are covered by insurance with assistance package. Thanks to our professional and flexible approach to each customer, we build the trust and a long-term relationship with our contractors.<\/p>\n        <\/div>\n    <\/div>\n    <div class=\"text-block__bottom\">\n        <div class=\"text-block__bottom__left\">\n            <p>Thanks to our professional and flexible approach to each customer, we build the trust and a long-term relationship with our contractors. Our headquarters is well-situated in the center of Szczecin at the Po\u0142udniowa 5 street. Nearby there is a petrol station, car wash and tire service. Fado services are constantly improved and our customers can be supported by a special driver absolutely for free.<\/p>\n        <\/div>\n        <div class=\"text-block__bottom__right\">\n            <p>Our company is located close to the border, so we do not charge any extra fees for foreign travel. The most important aspect to us is building relationships with our customers for long-term success.The vehicles we have are permanently serviced and their perfect technical condition enables you easly to take even very long routes.<\/p>\n        <\/div>\n    <\/div>\n    <div class=\"text-block__button\">\n        <a href=\"\/cennik\/cennik-auta-dostawcze\/\" class=\"button\">Choose your car <img decoding=\"async\" src=\"https:\/\/fadoauto.pl\/wp-content\/themes\/fado\/assets\/img\/arrow-white.svg\" alt=\"\"><\/a>\n    <\/div>\n<\/section>\n<style>\n\t.igallery {\n\t\tmargin: 100px 0;\n\t}\n\t.igallery__items {\n\t\tdisplay: flex;\n\t\tflex-wrap: wrap;\n\t\tmargin: 0 -5px;\n\t}\n\t.igallery-item {\n\t\twidth: calc(100% \/ 3);\n\t\tpadding: 0 5px;\n\t\tmargin-bottom: 10px;\n\t\tmax-width: 403px;\n\t}\n\t.igallery-item a {\n\t\toverflow: hidden;\n\t\tdisplay: block;\n\t}\n\t.igallery-item img {\n\t\ttransition: all 2s ease;\n\t\t\n\t}\n\t.igallery-item a:hover img {\n\t\ttransform: scale(1.1);\n\t}\n\t.igallery-item img {\n\t\tdisplay: block;\n\t\tmax-width: 100%;\n\t\theight: auto;\n\t\tbackground-color: lightgray;\n\t}\n\t@media(max-width: 767px) {\n\t\t.igallery-item {\n\t\t\twidth: 50%;\n\t\t}\n\t\t.igallery {\n\t\t\tmargin: 50px 0;\n\t\t}\n\t}\n<\/style>\n<div class=\"igallery\">\n\t<div class=\"container\">\n\t\t<div class=\"igallery__items\">\n\t\t<\/div>\n\t<\/div>\n<\/div>\n<script>\nvar galleryImages_ = [];\n<\/script>\n\n\n\n<h2 class=\"wp-block-heading\"><span>FADO<\/span> passenger<br> car rental<\/h2>\n\n\n<section class=\"text-block\">\n    <div class=\"text-block__top\">\n        <div class=\"text-block__top__left\">\n            <img decoding=\"async\" src=\"https:\/\/fadoauto.pl\/wp-content\/uploads\/2019\/05\/car_1.jpg\" alt=\"\">\n        <\/div>\n        <div class=\"text-block__top__right\">\n            <p>Fado is also a professional passenger cars rental agency. <\/p>\n<p>We offer vehicles from a different segments \u2013 from small city cars to high-quality limousine or even the sport-utility vehicles (SUV). <\/p>\n<p>We offer attractive discounts for our customers. Feel free to contact us!<\/p>\n<p>Our company is well-situated in a center of Szczecin at the Po\u0142udniowa 5 street. Our cars are always in a perfect technical and visual condition with a full tank. The rental agreement is very simple, transparent and fair.<\/p>\n<p>It\u2019s worth working with us!<\/p>\n        <\/div>\n    <\/div>\n    <div class=\"text-block__bottom\">\n        <div class=\"text-block__bottom__left\">\n                    <\/div>\n        <div class=\"text-block__bottom__right\">\n                    <\/div>\n    <\/div>\n    <div class=\"text-block__button\">\n        <a href=\"\/cennik\/cennik-auta-osobowe\/\" class=\"button\">Choose your car <img decoding=\"async\" src=\"https:\/\/fadoauto.pl\/wp-content\/themes\/fado\/assets\/img\/arrow-white.svg\" alt=\"\"><\/a>\n    <\/div>\n<\/section>\n<style>\n\t.igallery {\n\t\tmargin: 100px 0;\n\t}\n\t.igallery__items {\n\t\tdisplay: flex;\n\t\tflex-wrap: wrap;\n\t\tmargin: 0 -5px;\n\t}\n\t.igallery-item {\n\t\twidth: calc(100% \/ 3);\n\t\tpadding: 0 5px;\n\t\tmargin-bottom: 10px;\n\t\tmax-width: 403px;\n\t}\n\t.igallery-item a {\n\t\toverflow: hidden;\n\t\tdisplay: block;\n\t}\n\t.igallery-item img {\n\t\ttransition: all 2s ease;\n\t\t\n\t}\n\t.igallery-item a:hover img {\n\t\ttransform: scale(1.1);\n\t}\n\t.igallery-item img {\n\t\tdisplay: block;\n\t\tmax-width: 100%;\n\t\theight: auto;\n\t\tbackground-color: lightgray;\n\t}\n\t@media(max-width: 767px) {\n\t\t.igallery-item {\n\t\t\twidth: 50%;\n\t\t}\n\t\t.igallery {\n\t\t\tmargin: 50px 0;\n\t\t}\n\t}\n<\/style>\n<div class=\"igallery\">\n\t<div class=\"container\">\n\t\t<div class=\"igallery__items\">\n\t\t<\/div>\n\t<\/div>\n<\/div>\n<script>\nvar galleryImages_ = [];\n<\/script>\n\n\n\n<h2 class=\"wp-block-heading\"><span>Rental conditions<\/span> <br>and necessary documents <\/h2>\n\n\n\n<figure class=\"wp-block-image\"><img loading=\"lazy\" decoding=\"async\" width=\"1221\" height=\"575\" src=\"\/wp-content\/uploads\/2019\/05\/top.jpg\" alt=\"\" class=\"wp-image-202\" srcset=\"https:\/\/fadoauto.pl\/wp-content\/uploads\/2019\/05\/top.jpg 1221w, https:\/\/fadoauto.pl\/wp-content\/uploads\/2019\/05\/top-300x141.jpg 300w, https:\/\/fadoauto.pl\/wp-content\/uploads\/2019\/05\/top-768x362.jpg 768w, https:\/\/fadoauto.pl\/wp-content\/uploads\/2019\/05\/top-1024x482.jpg 1024w, https:\/\/fadoauto.pl\/wp-content\/uploads\/2019\/05\/top-376x177.jpg 376w\" sizes=\"auto, (max-width: 1221px) 100vw, 1221px\" \/><\/figure>\n\n\n\n<p><strong>Rental agreement conditions<\/strong><\/p>\n\n\n\n<p>\u2013 For private: at least 21 years old, driving license from 1 year, 2 identification documents<br>\u2013 For business: certificate of entry in the business activity register, tax identification number<\/p>\n\n\n\n<p><strong>Fees and Expenses<\/strong><\/p>\n\n\n\n<p>\u2013 500 z\u0142 deposit<br>\u2013 2,5 z\u0142 for each kilometer if you leave your vehicle beyond the borders of Szczecin<br>\u2013 25 z\u0142 for settling or returning a vehicle outside working hours<br>\u2013 25 z\u0142 for return of dirty car<br>\u2013 40 z\u0142 for an extra insurance which excludes (\u2026) repairing process<br>\u2013 50 z\u0142 if you return a vehicle without full tank + the cost of missing fuel<br>\u2013 100 z\u0142 in case of committing a crime, getting a fine or another conflict with police or public administration<br>\u2013 1000 z\u0142 \u2013 for missing a key or vehicle documents<\/p>\n\n\n\n<p><strong>Vehicle for rental<\/strong><\/p>\n\n\n\n<p>\u2013 Our vehicles always stay in a good technical condition, they are clean with full tank.<\/p>\n\n\n\n<p><strong>Return of a vehicle<\/strong><\/p>\n\n\n\n<p>\u2013 The vehicle must be return in the business office or in a previously agreed place<br>\u2013 If you need to return your vehicle earlier, please inform us about this fact at least 2 hours before<br>\u2013 At the time of returning, the vehicle must be clean, full tanked and staying in the same technical and visual condition<br>\u2013 In case a vehicle you returned is defected or its phisical condition does not represent a normal exploatation process, a tenant is obligated to compense the damages<br>\u2013 Prolongation of a rental process is only possible after prior agreement<\/p>\n\n\n\n<div class=\"wp-block-button\"><a class=\"wp-block-button__link\" href=\"#\">Car rental terms <img decoding=\"async\" src=\"\/wp-content\/themes\/fado\/assets\/img\/arrow-white.svg\" alt=\"\"><\/a><\/div>\n","protected":false},"excerpt":{"rendered":"<p>FADO rentaldelivery vans FADO passenger car rental Rental conditions and necessary documents Rental agreement conditions \u2013 For private: at least 21 years old, driving license from 1 year, 2 identification documents\u2013 For business: certificate of entry in the business activity register, tax identification number Fees and Expenses \u2013 500 z\u0142 deposit\u2013 2,5 z\u0142 for each [&hellip;]<\/p>\n","protected":false},"author":1,"featured_media":0,"parent":0,"menu_order":0,"comment_status":"closed","ping_status":"closed","template":"","meta":{"_acf_changed":false,"footnotes":""},"class_list":["post-687","page","type-page","status-publish","hentry"],"acf":[],"yoast_head":"<!-- This site is optimized with the Yoast SEO plugin v27.4 - https:\/\/yoast.com\/product\/yoast-seo-wordpress\/ -->\n<title>&#x1f947;About us - Fado - Wypo\u017cyczalnia samochod&oacute;w Szczecin Tel. 697 87 87 87<\/title>\n<meta name=\"robots\" content=\"index, follow, max-snippet:-1, max-image-preview:large, max-video-preview:-1\" \/>\n<link rel=\"canonical\" href=\"https:\/\/fadoauto.pl\/o-firmie\/\" \/>\n<meta property=\"og:locale\" content=\"en_US\" \/>\n<meta property=\"og:type\" content=\"article\" \/>\n<meta property=\"og:title\" content=\"&#x1f947;About us - Fado - Wypo\u017cyczalnia samochod&oacute;w Szczecin Tel. 697 87 87 87\" \/>\n<meta property=\"og:description\" content=\"FADO rentaldelivery vans FADO passenger car rental Rental conditions and necessary documents Rental agreement conditions \u2013 For private: at least 21 years old, driving license from 1 year, 2 identification documents\u2013 For business: certificate of entry in the business activity register, tax identification number Fees and Expenses \u2013 500 z\u0142 deposit\u2013 2,5 z\u0142 for each [&hellip;]\" \/>\n<meta property=\"og:url\" content=\"https:\/\/fadoauto.pl\/o-firmie\/\" \/>\n<meta property=\"og:site_name\" content=\"Fado - Wypo\u017cyczalnia samochod&oacute;w Szczecin Tel. 697 87 87 87\" \/>\n<meta property=\"article:modified_time\" content=\"2021-03-04T08:34:50+00:00\" \/>\n<meta name=\"twitter:card\" content=\"summary_large_image\" \/>\n<meta name=\"twitter:label1\" content=\"Est. reading time\" \/>\n\t<meta name=\"twitter:data1\" content=\"1 minute\" \/>\n<script type=\"application\/ld+json\" class=\"yoast-schema-graph\">{\"@context\":\"https:\\\/\\\/schema.org\",\"@graph\":[{\"@type\":\"WebPage\",\"@id\":\"https:\\\/\\\/fadoauto.pl\\\/o-firmie\\\/\",\"url\":\"https:\\\/\\\/fadoauto.pl\\\/o-firmie\\\/\",\"name\":\"&#x1f947;About us - Fado - Wypo\u017cyczalnia samochod&oacute;w Szczecin Tel. 697 87 87 87\",\"isPartOf\":{\"@id\":\"https:\\\/\\\/fadoauto.pl\\\/#website\"},\"datePublished\":\"2019-05-21T12:24:22+00:00\",\"dateModified\":\"2021-03-04T08:34:50+00:00\",\"breadcrumb\":{\"@id\":\"https:\\\/\\\/fadoauto.pl\\\/o-firmie\\\/#breadcrumb\"},\"inLanguage\":\"en-US\",\"potentialAction\":[{\"@type\":\"ReadAction\",\"target\":[\"https:\\\/\\\/fadoauto.pl\\\/o-firmie\\\/\"]}]},{\"@type\":\"BreadcrumbList\",\"@id\":\"https:\\\/\\\/fadoauto.pl\\\/o-firmie\\\/#breadcrumb\",\"itemListElement\":[{\"@type\":\"ListItem\",\"position\":1,\"name\":\"Strona g\u0142\u00f3wna\",\"item\":\"https:\\\/\\\/fadoauto.pl\\\/en\\\/\"},{\"@type\":\"ListItem\",\"position\":2,\"name\":\"About us\"}]},{\"@type\":\"WebSite\",\"@id\":\"https:\\\/\\\/fadoauto.pl\\\/#website\",\"url\":\"https:\\\/\\\/fadoauto.pl\\\/\",\"name\":\"Fado - Wypo\u017cyczalnia samochod\u00f3w Szczecin Tel. 697 87 87 87\",\"description\":\"Wypo\u017cyczalnia samochod&oacute;w Szczecin - Fado, auta dostawcze oraz osobowe. Wynajem aut.\",\"potentialAction\":[{\"@type\":\"SearchAction\",\"target\":{\"@type\":\"EntryPoint\",\"urlTemplate\":\"https:\\\/\\\/fadoauto.pl\\\/?s={search_term_string}\"},\"query-input\":{\"@type\":\"PropertyValueSpecification\",\"valueRequired\":true,\"valueName\":\"search_term_string\"}}],\"inLanguage\":\"en-US\"}]}<\/script>\n<!-- \/ Yoast SEO plugin. -->","yoast_head_json":{"title":"&#x1f947;About us - Fado - Wypo\u017cyczalnia samochod&oacute;w Szczecin Tel. 697 87 87 87","robots":{"index":"index","follow":"follow","max-snippet":"max-snippet:-1","max-image-preview":"max-image-preview:large","max-video-preview":"max-video-preview:-1"},"canonical":"https:\/\/fadoauto.pl\/o-firmie\/","og_locale":"en_US","og_type":"article","og_title":"&#x1f947;About us - Fado - Wypo\u017cyczalnia samochod&oacute;w Szczecin Tel. 697 87 87 87","og_description":"FADO rentaldelivery vans FADO passenger car rental Rental conditions and necessary documents Rental agreement conditions \u2013 For private: at least 21 years old, driving license from 1 year, 2 identification documents\u2013 For business: certificate of entry in the business activity register, tax identification number Fees and Expenses \u2013 500 z\u0142 deposit\u2013 2,5 z\u0142 for each [&hellip;]","og_url":"https:\/\/fadoauto.pl\/o-firmie\/","og_site_name":"Fado - Wypo\u017cyczalnia samochod&oacute;w Szczecin Tel. 697 87 87 87","article_modified_time":"2021-03-04T08:34:50+00:00","twitter_card":"summary_large_image","twitter_misc":{"Est. reading time":"1 minute"},"schema":{"@context":"https:\/\/schema.org","@graph":[{"@type":"WebPage","@id":"https:\/\/fadoauto.pl\/o-firmie\/","url":"https:\/\/fadoauto.pl\/o-firmie\/","name":"&#x1f947;About us - Fado - Wypo\u017cyczalnia samochod&oacute;w Szczecin Tel. 697 87 87 87","isPartOf":{"@id":"https:\/\/fadoauto.pl\/#website"},"datePublished":"2019-05-21T12:24:22+00:00","dateModified":"2021-03-04T08:34:50+00:00","breadcrumb":{"@id":"https:\/\/fadoauto.pl\/o-firmie\/#breadcrumb"},"inLanguage":"en-US","potentialAction":[{"@type":"ReadAction","target":["https:\/\/fadoauto.pl\/o-firmie\/"]}]},{"@type":"BreadcrumbList","@id":"https:\/\/fadoauto.pl\/o-firmie\/#breadcrumb","itemListElement":[{"@type":"ListItem","position":1,"name":"Strona g\u0142\u00f3wna","item":"https:\/\/fadoauto.pl\/en\/"},{"@type":"ListItem","position":2,"name":"About us"}]},{"@type":"WebSite","@id":"https:\/\/fadoauto.pl\/#website","url":"https:\/\/fadoauto.pl\/","name":"Fado - Wypo\u017cyczalnia samochod\u00f3w Szczecin Tel. 697 87 87 87","description":"Wypo\u017cyczalnia samochod&oacute;w Szczecin - Fado, auta dostawcze oraz osobowe. Wynajem aut.","potentialAction":[{"@type":"SearchAction","target":{"@type":"EntryPoint","urlTemplate":"https:\/\/fadoauto.pl\/?s={search_term_string}"},"query-input":{"@type":"PropertyValueSpecification","valueRequired":true,"valueName":"search_term_string"}}],"inLanguage":"en-US"}]}},"_links":{"self":[{"href":"https:\/\/fadoauto.pl\/en\/wp-json\/wp\/v2\/pages\/687","targetHints":{"allow":["GET"]}}],"collection":[{"href":"https:\/\/fadoauto.pl\/en\/wp-json\/wp\/v2\/pages"}],"about":[{"href":"https:\/\/fadoauto.pl\/en\/wp-json\/wp\/v2\/types\/page"}],"author":[{"embeddable":true,"href":"https:\/\/fadoauto.pl\/en\/wp-json\/wp\/v2\/users\/1"}],"replies":[{"embeddable":true,"href":"https:\/\/fadoauto.pl\/en\/wp-json\/wp\/v2\/comments?post=687"}],"version-history":[{"count":18,"href":"https:\/\/fadoauto.pl\/en\/wp-json\/wp\/v2\/pages\/687\/revisions"}],"predecessor-version":[{"id":1162,"href":"https:\/\/fadoauto.pl\/en\/wp-json\/wp\/v2\/pages\/687\/revisions\/1162"}],"wp:attachment":[{"href":"https:\/\/fadoauto.pl\/en\/wp-json\/wp\/v2\/media?parent=687"}],"curies":[{"name":"wp","href":"https:\/\/api.w.org\/{rel}","templated":true}]}}