{"id":686,"date":"2019-05-21T14:24:20","date_gmt":"2019-05-21T12:24:20","guid":{"rendered":"http:\/\/fado.g2team-dev.com\/?page_id=686"},"modified":"2026-02-13T15:18:35","modified_gmt":"2026-02-13T14:18:35","slug":"price-list","status":"publish","type":"page","link":"https:\/\/fadoauto.pl\/en\/price-list\/","title":{"rendered":"Price list"},"content":{"rendered":"","protected":false},"excerpt":{"rendered":"","protected":false},"author":1,"featured_media":0,"parent":0,"menu_order":0,"comment_status":"closed","ping_status":"closed","template":"page-cennik.php","meta":{"_acf_changed":false,"footnotes":""},"class_list":["post-686","page","type-page","status-publish","hentry"],"acf":[],"yoast_head":"<!-- This site is optimized with the Yoast SEO plugin v27.4 - https:\/\/yoast.com\/product\/yoast-seo-wordpress\/ -->\n<title>&#x1f947;Price list - Fado - Wypo\u017cyczalnia samochod&oacute;w Szczecin Tel. 697 87 87 87<\/title>\n<meta name=\"robots\" content=\"index, follow, max-snippet:-1, max-image-preview:large, max-video-preview:-1\" \/>\n<link rel=\"canonical\" href=\"https:\/\/fadoauto.pl\/en\/price-list\/\" \/>\n<meta property=\"og:locale\" content=\"en_US\" \/>\n<meta property=\"og:type\" content=\"article\" \/>\n<meta property=\"og:title\" content=\"&#x1f947;Price list - Fado - Wypo\u017cyczalnia samochod&oacute;w Szczecin Tel. 697 87 87 87\" \/>\n<meta property=\"og:url\" content=\"https:\/\/fadoauto.pl\/en\/price-list\/\" \/>\n<meta property=\"og:site_name\" content=\"Fado - Wypo\u017cyczalnia samochod&oacute;w Szczecin Tel. 697 87 87 87\" \/>\n<meta property=\"article:modified_time\" content=\"2026-02-13T14:18:35+00:00\" \/>\n<meta name=\"twitter:card\" content=\"summary_large_image\" \/>\n<script type=\"application\/ld+json\" class=\"yoast-schema-graph\">{\"@context\":\"https:\\\/\\\/schema.org\",\"@graph\":[{\"@type\":\"WebPage\",\"@id\":\"https:\\\/\\\/fadoauto.pl\\\/en\\\/price-list\\\/\",\"url\":\"https:\\\/\\\/fadoauto.pl\\\/en\\\/price-list\\\/\",\"name\":\"&#x1f947;Price list - Fado - Wypo\u017cyczalnia samochod&oacute;w Szczecin Tel. 697 87 87 87\",\"isPartOf\":{\"@id\":\"https:\\\/\\\/fadoauto.pl\\\/#website\"},\"datePublished\":\"2019-05-21T12:24:20+00:00\",\"dateModified\":\"2026-02-13T14:18:35+00:00\",\"breadcrumb\":{\"@id\":\"https:\\\/\\\/fadoauto.pl\\\/en\\\/price-list\\\/#breadcrumb\"},\"inLanguage\":\"en-US\",\"potentialAction\":[{\"@type\":\"ReadAction\",\"target\":[\"https:\\\/\\\/fadoauto.pl\\\/en\\\/price-list\\\/\"]}]},{\"@type\":\"BreadcrumbList\",\"@id\":\"https:\\\/\\\/fadoauto.pl\\\/en\\\/price-list\\\/#breadcrumb\",\"itemListElement\":[{\"@type\":\"ListItem\",\"position\":1,\"name\":\"Strona g\u0142\u00f3wna\",\"item\":\"https:\\\/\\\/fadoauto.pl\\\/en\\\/\"},{\"@type\":\"ListItem\",\"position\":2,\"name\":\"Price list\"}]},{\"@type\":\"WebSite\",\"@id\":\"https:\\\/\\\/fadoauto.pl\\\/#website\",\"url\":\"https:\\\/\\\/fadoauto.pl\\\/\",\"name\":\"Fado - Wypo\u017cyczalnia samochod\u00f3w Szczecin Tel. 697 87 87 87\",\"description\":\"Wypo\u017cyczalnia samochod&oacute;w Szczecin - Fado, auta dostawcze oraz osobowe. Wynajem aut.\",\"potentialAction\":[{\"@type\":\"SearchAction\",\"target\":{\"@type\":\"EntryPoint\",\"urlTemplate\":\"https:\\\/\\\/fadoauto.pl\\\/?s={search_term_string}\"},\"query-input\":{\"@type\":\"PropertyValueSpecification\",\"valueRequired\":true,\"valueName\":\"search_term_string\"}}],\"inLanguage\":\"en-US\"}]}<\/script>\n<!-- \/ Yoast SEO plugin. -->","yoast_head_json":{"title":"&#x1f947;Price list - Fado - Wypo\u017cyczalnia samochod&oacute;w Szczecin Tel. 697 87 87 87","robots":{"index":"index","follow":"follow","max-snippet":"max-snippet:-1","max-image-preview":"max-image-preview:large","max-video-preview":"max-video-preview:-1"},"canonical":"https:\/\/fadoauto.pl\/en\/price-list\/","og_locale":"en_US","og_type":"article","og_title":"&#x1f947;Price list - Fado - Wypo\u017cyczalnia samochod&oacute;w Szczecin Tel. 697 87 87 87","og_url":"https:\/\/fadoauto.pl\/en\/price-list\/","og_site_name":"Fado - Wypo\u017cyczalnia samochod&oacute;w Szczecin Tel. 697 87 87 87","article_modified_time":"2026-02-13T14:18:35+00:00","twitter_card":"summary_large_image","schema":{"@context":"https:\/\/schema.org","@graph":[{"@type":"WebPage","@id":"https:\/\/fadoauto.pl\/en\/price-list\/","url":"https:\/\/fadoauto.pl\/en\/price-list\/","name":"&#x1f947;Price list - Fado - Wypo\u017cyczalnia samochod&oacute;w Szczecin Tel. 697 87 87 87","isPartOf":{"@id":"https:\/\/fadoauto.pl\/#website"},"datePublished":"2019-05-21T12:24:20+00:00","dateModified":"2026-02-13T14:18:35+00:00","breadcrumb":{"@id":"https:\/\/fadoauto.pl\/en\/price-list\/#breadcrumb"},"inLanguage":"en-US","potentialAction":[{"@type":"ReadAction","target":["https:\/\/fadoauto.pl\/en\/price-list\/"]}]},{"@type":"BreadcrumbList","@id":"https:\/\/fadoauto.pl\/en\/price-list\/#breadcrumb","itemListElement":[{"@type":"ListItem","position":1,"name":"Strona g\u0142\u00f3wna","item":"https:\/\/fadoauto.pl\/en\/"},{"@type":"ListItem","position":2,"name":"Price list"}]},{"@type":"WebSite","@id":"https:\/\/fadoauto.pl\/#website","url":"https:\/\/fadoauto.pl\/","name":"Fado - Wypo\u017cyczalnia samochod\u00f3w Szczecin Tel. 697 87 87 87","description":"Wypo\u017cyczalnia samochod&oacute;w Szczecin - Fado, auta dostawcze oraz osobowe. Wynajem aut.","potentialAction":[{"@type":"SearchAction","target":{"@type":"EntryPoint","urlTemplate":"https:\/\/fadoauto.pl\/?s={search_term_string}"},"query-input":{"@type":"PropertyValueSpecification","valueRequired":true,"valueName":"search_term_string"}}],"inLanguage":"en-US"}]}},"_links":{"self":[{"href":"https:\/\/fadoauto.pl\/en\/wp-json\/wp\/v2\/pages\/686","targetHints":{"allow":["GET"]}}],"collection":[{"href":"https:\/\/fadoauto.pl\/en\/wp-json\/wp\/v2\/pages"}],"about":[{"href":"https:\/\/fadoauto.pl\/en\/wp-json\/wp\/v2\/types\/page"}],"author":[{"embeddable":true,"href":"https:\/\/fadoauto.pl\/en\/wp-json\/wp\/v2\/users\/1"}],"replies":[{"embeddable":true,"href":"https:\/\/fadoauto.pl\/en\/wp-json\/wp\/v2\/comments?post=686"}],"version-history":[{"count":3,"href":"https:\/\/fadoauto.pl\/en\/wp-json\/wp\/v2\/pages\/686\/revisions"}],"predecessor-version":[{"id":1606,"href":"https:\/\/fadoauto.pl\/en\/wp-json\/wp\/v2\/pages\/686\/revisions\/1606"}],"wp:attachment":[{"href":"https:\/\/fadoauto.pl\/en\/wp-json\/wp\/v2\/media?parent=686"}],"curies":[{"name":"wp","href":"https:\/\/api.w.org\/{rel}","templated":true}]}}