{"id":684,"date":"2019-05-21T14:24:18","date_gmt":"2019-05-21T12:24:18","guid":{"rendered":"http:\/\/fado.g2team-dev.com\/?page_id=684"},"modified":"2019-05-28T13:49:46","modified_gmt":"2019-05-28T11:49:46","slug":"accident-replacement-car-rental","status":"publish","type":"page","link":"https:\/\/fadoauto.pl\/en\/accident-replacement-car-rental\/","title":{"rendered":"Accident Replacement Car Rental"},"content":{"rendered":"    <\/div>\r\n<section class=\"hero\" style=\"background-image: url(https:\/\/fadoauto.pl\/wp-content\/uploads\/2019\/05\/bg2.jpg)\">\r\n    <div class=\"container-small\">\r\n        <h1>Accident Replacement Car<\/h1>\n<p>In case of the road collision we offer you the accident replacement car rental<br \/>\nabsolutely for free from the offender\u2019s liability insurance.<\/p>\n    <\/div>\r\n<\/section>\r\n<div class=\"container-small\">\r\n\n\n\n<h2 class=\"wp-block-heading\"><span>Accident Replacement<\/span> Car Rental <\/h2>\n\n\n<\/div>\n\n<section class=\"about-us about-us--padding\">\r\n    <div class=\"container\">\r\n                <div class=\"about-us__image\">\r\n            <img decoding=\"async\" src=\"https:\/\/fadoauto.pl\/wp-content\/uploads\/2019\/05\/img1.jpg\" alt=\"\">\r\n        <\/div>\r\n        <div class=\"about-us__text\">\r\n            <p>In case of the road collision we offer you the accident replacement car rental absolutely for free from the offender\u2019s liability insurance. The maximal class of the vehicle cannot be higher than the class of your foregoing vehicle. If you need the accident replacement car rental, please contact us!<\/p>\n                    <\/div>\r\n    <\/div>\r\n<\/section>\n\n<div class=\"container\">\r\n    <div class=\"text-block-2\">\r\n        <div class=\"text-block-2__left\">\r\n            <h3>Your Profits:<\/h3>\n<ul>\n<li>without cash<\/li>\n<li>for business and private<\/li>\n<li>quick delivery of vehicle<\/li>\n<li>our assistance in completing the legal formalities<\/li>\n<li>new vehicles in a perfect technical condition<\/li>\n<\/ul>\n        <\/div>\r\n        <div class=\"text-block-2__right\">\r\n            <img decoding=\"async\" src=\"\" alt=\"\">\r\n        <\/div>\r\n    <\/div>\r\n<\/div>\n\n<section class=\"offer\">\r\n    <div class=\"container\">\r\n        <h3>We provide<\/h3>\r\n                    <div class=\"offer__item\">\r\n                <div class=\"offer-item\">\r\n                    <div class=\"offer-item__image\">\r\n                        <img decoding=\"async\" src=\"https:\/\/fadoauto.pl\/wp-content\/uploads\/2019\/05\/serwistechniczny.svg\" alt=\"\"> <span><\/span>\r\n                    <\/div>\r\n                    <h4>Technical customer service<\/h4>\n<p>Our cars are constantly serviced at authorized sites. You can be sure that the car is in perfect technical condition.<\/p>\n                <\/div>\r\n            <\/div>\r\n                    <div class=\"offer__item\">\r\n                <div class=\"offer-item\">\r\n                    <div class=\"offer-item__image\">\r\n                        <img decoding=\"async\" src=\"https:\/\/fadoauto.pl\/wp-content\/uploads\/2019\/05\/ubezpieczenia-oc-ac.svg\" alt=\"\"> <span><\/span>\r\n                    <\/div>\r\n                    <h4>OC and AC insurance<\/h4>\n<p>The OC and AC insurance ensures smooth travel throughout the European Union. Your car is always insured.<\/p>\n                <\/div>\r\n            <\/div>\r\n                    <div class=\"offer__item\">\r\n                <div class=\"offer-item\">\r\n                    <div class=\"offer-item__image\">\r\n                        <img decoding=\"async\" src=\"https:\/\/fadoauto.pl\/wp-content\/uploads\/2019\/05\/opony.svg\" alt=\"\"> <span><\/span>\r\n                    <\/div>\r\n                    <h4>Summer and winter tires<\/h4>\n<p>Tire service included in the rental price. Always new, tires for the summer and winter season. Safe travel in all weather conditions.<\/p>\n                <\/div>\r\n            <\/div>\r\n            <\/div>\r\n<\/section>\r\n","protected":false},"excerpt":{"rendered":"<p>Accident Replacement Car Rental<\/p>\n","protected":false},"author":1,"featured_media":0,"parent":0,"menu_order":0,"comment_status":"closed","ping_status":"closed","template":"page-full.php","meta":{"_acf_changed":false,"footnotes":""},"class_list":["post-684","page","type-page","status-publish","hentry"],"acf":[],"yoast_head":"<!-- This site is optimized with the Yoast SEO plugin v27.4 - https:\/\/yoast.com\/product\/yoast-seo-wordpress\/ -->\n<title>&#x1f947;Accident Replacement Car Rental - Fado - Wypo\u017cyczalnia samochod&oacute;w Szczecin Tel. 697 87 87 87<\/title>\n<meta name=\"robots\" content=\"index, follow, max-snippet:-1, max-image-preview:large, max-video-preview:-1\" \/>\n<link rel=\"canonical\" href=\"https:\/\/fadoauto.pl\/auto-zastepcze-oc\/\" \/>\n<meta property=\"og:locale\" content=\"en_US\" \/>\n<meta property=\"og:type\" content=\"article\" \/>\n<meta property=\"og:title\" content=\"&#x1f947;Accident Replacement Car Rental - Fado - Wypo\u017cyczalnia samochod&oacute;w Szczecin Tel. 697 87 87 87\" \/>\n<meta property=\"og:description\" content=\"Accident Replacement Car Rental\" \/>\n<meta property=\"og:url\" content=\"https:\/\/fadoauto.pl\/auto-zastepcze-oc\/\" \/>\n<meta property=\"og:site_name\" content=\"Fado - Wypo\u017cyczalnia samochod&oacute;w Szczecin Tel. 697 87 87 87\" \/>\n<meta property=\"article:modified_time\" content=\"2019-05-28T11:49:46+00:00\" \/>\n<meta name=\"twitter:card\" content=\"summary_large_image\" \/>\n<script type=\"application\/ld+json\" class=\"yoast-schema-graph\">{\"@context\":\"https:\\\/\\\/schema.org\",\"@graph\":[{\"@type\":\"WebPage\",\"@id\":\"https:\\\/\\\/fadoauto.pl\\\/auto-zastepcze-oc\\\/\",\"url\":\"https:\\\/\\\/fadoauto.pl\\\/auto-zastepcze-oc\\\/\",\"name\":\"&#x1f947;Accident Replacement Car Rental - Fado - Wypo\u017cyczalnia samochod&oacute;w Szczecin Tel. 697 87 87 87\",\"isPartOf\":{\"@id\":\"https:\\\/\\\/fadoauto.pl\\\/#website\"},\"datePublished\":\"2019-05-21T12:24:18+00:00\",\"dateModified\":\"2019-05-28T11:49:46+00:00\",\"breadcrumb\":{\"@id\":\"https:\\\/\\\/fadoauto.pl\\\/auto-zastepcze-oc\\\/#breadcrumb\"},\"inLanguage\":\"en-US\",\"potentialAction\":[{\"@type\":\"ReadAction\",\"target\":[\"https:\\\/\\\/fadoauto.pl\\\/auto-zastepcze-oc\\\/\"]}]},{\"@type\":\"BreadcrumbList\",\"@id\":\"https:\\\/\\\/fadoauto.pl\\\/auto-zastepcze-oc\\\/#breadcrumb\",\"itemListElement\":[{\"@type\":\"ListItem\",\"position\":1,\"name\":\"Strona g\u0142\u00f3wna\",\"item\":\"https:\\\/\\\/fadoauto.pl\\\/en\\\/\"},{\"@type\":\"ListItem\",\"position\":2,\"name\":\"Accident Replacement Car Rental\"}]},{\"@type\":\"WebSite\",\"@id\":\"https:\\\/\\\/fadoauto.pl\\\/#website\",\"url\":\"https:\\\/\\\/fadoauto.pl\\\/\",\"name\":\"Fado - Wypo\u017cyczalnia samochod\u00f3w Szczecin Tel. 697 87 87 87\",\"description\":\"Wypo\u017cyczalnia samochod&oacute;w Szczecin - Fado, auta dostawcze oraz osobowe. Wynajem aut.\",\"potentialAction\":[{\"@type\":\"SearchAction\",\"target\":{\"@type\":\"EntryPoint\",\"urlTemplate\":\"https:\\\/\\\/fadoauto.pl\\\/?s={search_term_string}\"},\"query-input\":{\"@type\":\"PropertyValueSpecification\",\"valueRequired\":true,\"valueName\":\"search_term_string\"}}],\"inLanguage\":\"en-US\"}]}<\/script>\n<!-- \/ Yoast SEO plugin. -->","yoast_head_json":{"title":"&#x1f947;Accident Replacement Car Rental - Fado - Wypo\u017cyczalnia samochod&oacute;w Szczecin Tel. 697 87 87 87","robots":{"index":"index","follow":"follow","max-snippet":"max-snippet:-1","max-image-preview":"max-image-preview:large","max-video-preview":"max-video-preview:-1"},"canonical":"https:\/\/fadoauto.pl\/auto-zastepcze-oc\/","og_locale":"en_US","og_type":"article","og_title":"&#x1f947;Accident Replacement Car Rental - Fado - Wypo\u017cyczalnia samochod&oacute;w Szczecin Tel. 697 87 87 87","og_description":"Accident Replacement Car Rental","og_url":"https:\/\/fadoauto.pl\/auto-zastepcze-oc\/","og_site_name":"Fado - Wypo\u017cyczalnia samochod&oacute;w Szczecin Tel. 697 87 87 87","article_modified_time":"2019-05-28T11:49:46+00:00","twitter_card":"summary_large_image","schema":{"@context":"https:\/\/schema.org","@graph":[{"@type":"WebPage","@id":"https:\/\/fadoauto.pl\/auto-zastepcze-oc\/","url":"https:\/\/fadoauto.pl\/auto-zastepcze-oc\/","name":"&#x1f947;Accident Replacement Car Rental - Fado - Wypo\u017cyczalnia samochod&oacute;w Szczecin Tel. 697 87 87 87","isPartOf":{"@id":"https:\/\/fadoauto.pl\/#website"},"datePublished":"2019-05-21T12:24:18+00:00","dateModified":"2019-05-28T11:49:46+00:00","breadcrumb":{"@id":"https:\/\/fadoauto.pl\/auto-zastepcze-oc\/#breadcrumb"},"inLanguage":"en-US","potentialAction":[{"@type":"ReadAction","target":["https:\/\/fadoauto.pl\/auto-zastepcze-oc\/"]}]},{"@type":"BreadcrumbList","@id":"https:\/\/fadoauto.pl\/auto-zastepcze-oc\/#breadcrumb","itemListElement":[{"@type":"ListItem","position":1,"name":"Strona g\u0142\u00f3wna","item":"https:\/\/fadoauto.pl\/en\/"},{"@type":"ListItem","position":2,"name":"Accident Replacement Car Rental"}]},{"@type":"WebSite","@id":"https:\/\/fadoauto.pl\/#website","url":"https:\/\/fadoauto.pl\/","name":"Fado - Wypo\u017cyczalnia samochod\u00f3w Szczecin Tel. 697 87 87 87","description":"Wypo\u017cyczalnia samochod&oacute;w Szczecin - Fado, auta dostawcze oraz osobowe. Wynajem aut.","potentialAction":[{"@type":"SearchAction","target":{"@type":"EntryPoint","urlTemplate":"https:\/\/fadoauto.pl\/?s={search_term_string}"},"query-input":{"@type":"PropertyValueSpecification","valueRequired":true,"valueName":"search_term_string"}}],"inLanguage":"en-US"}]}},"_links":{"self":[{"href":"https:\/\/fadoauto.pl\/en\/wp-json\/wp\/v2\/pages\/684","targetHints":{"allow":["GET"]}}],"collection":[{"href":"https:\/\/fadoauto.pl\/en\/wp-json\/wp\/v2\/pages"}],"about":[{"href":"https:\/\/fadoauto.pl\/en\/wp-json\/wp\/v2\/types\/page"}],"author":[{"embeddable":true,"href":"https:\/\/fadoauto.pl\/en\/wp-json\/wp\/v2\/users\/1"}],"replies":[{"embeddable":true,"href":"https:\/\/fadoauto.pl\/en\/wp-json\/wp\/v2\/comments?post=684"}],"version-history":[{"count":10,"href":"https:\/\/fadoauto.pl\/en\/wp-json\/wp\/v2\/pages\/684\/revisions"}],"predecessor-version":[{"id":904,"href":"https:\/\/fadoauto.pl\/en\/wp-json\/wp\/v2\/pages\/684\/revisions\/904"}],"wp:attachment":[{"href":"https:\/\/fadoauto.pl\/en\/wp-json\/wp\/v2\/media?parent=684"}],"curies":[{"name":"wp","href":"https:\/\/api.w.org\/{rel}","templated":true}]}}