{"id":682,"date":"2019-05-10T11:17:22","date_gmt":"2019-05-10T09:17:22","guid":{"rendered":"http:\/\/fado.g2team-dev.com\/home\/"},"modified":"2021-03-04T09:43:10","modified_gmt":"2021-03-04T08:43:10","slug":"home","status":"publish","type":"page","link":"https:\/\/fadoauto.pl\/en\/","title":{"rendered":"Home"},"content":{"rendered":"<style>\r\n    .slider__bottom {\r\n        margin-top: 9.6em;\r\n    }\r\n<\/style>\r\n<section class=\"slider\">\r\n    <div class=\"slider__items\">\r\n        <div class=\"slider-item\" style=\"background-image: url(https:\/\/fadoauto.pl\/wp-content\/themes\/fado\/assets\/img\/bgb.jpg);\">\r\n            <div class=\"container\" style=\"position: relative;\">\r\n                <h1><em>Car Rental<\/em> Szczecin<\/h1>\n<h2>Cars, vans, long-term rental<\/h2>\n                <div class=\"container-small\" style=\"position: absolute;left: 0; top: 0;\">\r\n\r\n                <div class=\"slider__bottom\">\r\n                    <div class=\"slider-form\">\n    <a href=\"#\" class=\"-js-popup-off slider-form__button\">&#038;times<\/a>\n    <div class=\"slider-form__title\">Fast car booking\r\n<\/div>\n    <form action=\"https:\/\/fadoauto.pl\/zarezerwuj\/\" method=\"post\" id=\"reservation-form-popup\">\n        <div class=\"custom-select\">\n            <select name=\"car_category\" id=\"car_type\">\n                <option value=\"-1\">Vehicle category<\/option>\n                                <option value=\"9\" >Delivery Vans<\/option>\n                                <option value=\"10\" >Passenger Cars<\/option>\n                            <\/select>\n            <img decoding=\"async\" src=\"https:\/\/fadoauto.pl\/wp-content\/themes\/fado\/assets\/img\/arrow-new.svg\" alt=\"\">\n        <\/div>\n        <div class=\"custom-select\">\n            <select name=\"car_type\" id=\"car_model\">\n                <option value=\"\">Model<\/option>\n                                                    <option value=\"1700\" data-type=\"10\" >Hyundai i20 Automatic<\/option>\n                                                    <option value=\"775\" data-type=\"10\" >Hyundai i20<\/option>\n                                                    <option value=\"770\" data-type=\"10\" >Hyundai i30<\/option>\n                                                    <option value=\"1702\" data-type=\"10\" >Volkswagen Golf Combi<\/option>\n                                                    <option value=\"772\" data-type=\"10\" >Toyota Corolla Automatic<\/option>\n                                                    <option value=\"1526\" data-type=\"10\" >Seat Leon Wagon Diesel<\/option>\n                                                    <option value=\"1703\" data-type=\"10\" >Skoda Octavia Combi<\/option>\n                                                    <option value=\"773\" data-type=\"10\" >Skoda Octavia Diesel<\/option>\n                                                    <option value=\"771\" data-type=\"10\" >Dacia Lodgy 7 people<\/option>\n                                                    <option value=\"1339\" data-type=\"10\" >Hyundai Tuscon<\/option>\n                                                    <option value=\"774\" data-type=\"10\" >Renault Trafic 9 people<\/option>\n                                                    <option value=\"762\" data-type=\"9\" >Fiat Doblo L2H1<\/option>\n                                                    <option value=\"763\" data-type=\"9\" >Citroen Jumper L2H1<\/option>\n                                                    <option value=\"764\" data-type=\"9\" >Fiat Ducato L3H2<\/option>\n                                                    <option value=\"1704\" data-type=\"9\" >Renault Master<\/option>\n                                                    <option value=\"765\" data-type=\"9\" >Renault Master L3H2<\/option>\n                                                    <option value=\"766\" data-type=\"9\" >Fiat Ducato L4H2<\/option>\n                                                    <option value=\"768\" data-type=\"9\" >Fiat Ducato L4H3<\/option>\n                            <\/select>\n            <img decoding=\"async\" src=\"https:\/\/fadoauto.pl\/wp-content\/themes\/fado\/assets\/img\/arrow-new.svg\" alt=\"\">\n        <\/div>\n        <div class=\"custom-select\">\n            <select name=\"miejsce\" id=\"car_place\">\n                <option value=\"1\">Headquarters Fado Auto Szczecin\r\n<\/option>\n            <\/select>\n            <img decoding=\"async\" src=\"https:\/\/fadoauto.pl\/wp-content\/themes\/fado\/assets\/img\/arrow-new.svg\" alt=\"\">\n        <\/div>\n        <input type=\"text\" id=\"rangePicker\" class=\"hidden-picker\">\n\n        <div class=\"slider-form__dates\">\n            <input type=\"text\" id=\"date_from\" name=\"date_from\">\n            <input type=\"text\" id=\"time_from\" value=\"12:00\" name=\"time_from\">\n        <\/div>\n\n        <div class=\"slider-form__dates\">\n            <input type=\"text\" id=\"date_to\" name=\"date_to\">\n            <input type=\"text\" id=\"time_to\" value=\"12:00\" name=\"time_to\">\n        <\/div>\n\n        <button disabled>Book<\/button>\n    <\/form>\n<\/div>\r\n                    <div class=\"slider__tips\">\r\n                        <ul>\r\n                                                        <li>\r\n                                Modern passenger <br \/> cars                            <\/li>\r\n                                                        <li>\r\n                                Modern <br \/> vans                            <\/li>\r\n                                                        <li>\r\n                                Professional service <br \/> and support                            <\/li>\r\n                                                    <\/ul>\r\n                    <\/div>\r\n                <\/div>\r\n                <\/div>\r\n            <\/div>\r\n        <\/div>\r\n    <\/div>\r\n<\/section>\n\n<div class=\"container\">\r\n    <nav class=\"quick-menu\">\r\n        <ul>\r\n                            <li>\r\n                    <a href=\"\/en\/cennik\/passenger-cars\/\" class=\"quick-menu__item quick-menu__item--normal\" style=\"background-image: url(https:\/\/fadoauto.pl\/wp-content\/uploads\/2019\/05\/1-1.jpg);\">\r\n                                                    <span>Price list<\/span>\r\n                            <h3>Passenger Cars<\/h3>\r\n                                            <\/a>\r\n                <\/li>\r\n                            <li>\r\n                    <a href=\"\/en\/cennik\/delivery-vans\/\" class=\"quick-menu__item quick-menu__item--black\" style=\"background-image: url(https:\/\/fadoauto.pl\/wp-content\/uploads\/2019\/05\/2.jpg);\">\r\n                                                    <span>Price list<\/span>\r\n                            <h3>Delivery Vans<\/h3>\r\n                                            <\/a>\r\n                <\/li>\r\n                            <li>\r\n                    <a href=\"#\" class=\"quick-menu__item quick-menu__item--normal\" style=\"background-image: url(https:\/\/fadoauto.pl\/wp-content\/uploads\/2019\/05\/3-2.jpg);\">\r\n                                                    <div class=\"quick-menu__hover\">\r\n                                <span>Book a car<br \/>\r\nfor yourself!<\/span>\r\n\r\n                                <span class=\"button\">Book<img decoding=\"async\"\r\n                                            src=\"https:\/\/fadoauto.pl\/wp-content\/themes\/fado\/assets\/img\/arrow-white.svg\"\r\n                                            alt=\"\"><\/span>\r\n                            <\/div>\r\n                                            <\/a>\r\n                <\/li>\r\n                    <\/ul>\r\n    <\/nav>\r\n<\/div>\n\n<section class=\"about-us \">\r\n    <div class=\"container\">\r\n                    <h2> <span> FADO <\/span> is a professional car rental<\/h2>\r\n                <div class=\"about-us__image\">\r\n            <img decoding=\"async\" src=\"https:\/\/fadoauto.pl\/wp-content\/uploads\/2019\/05\/img1.jpg\" alt=\"\">\r\n        <\/div>\r\n        <div class=\"about-us__text\">\r\n            <p>Fado Auto is a car rental company that is worth your trust. We have years of experience in car renting \u2013 both in short and long-term. <\/p>\n<p>Passenger cars and vans for rental are in perfect condition \u2013 they are systematically serviced and prepared for every driving conditions. <\/p>\n<p>Cooperation with Fado Car Rental is a guarantee of satisfaction \u2013 we offer you clear terms, transparent pricing and an extensive fleet of vans and passenger cars for rent.<\/p>\n                            <a href=\"#\" class=\"button\">Read more                    <img decoding=\"async\" src=\"https:\/\/fadoauto.pl\/wp-content\/themes\/fado\/assets\/img\/arrow-white.svg\" alt=\"\"><\/a>\r\n                    <\/div>\r\n    <\/div>\r\n<\/section>\n\n<section class=\"offer\">\r\n    <div class=\"container\">\r\n        <h3>Check our offer<\/h3>\r\n                    <div class=\"offer__item\">\r\n                <div class=\"offer-item\">\r\n                    <div class=\"offer-item__image\">\r\n                        <img decoding=\"async\" src=\"https:\/\/fadoauto.pl\/wp-content\/uploads\/2019\/05\/ic_0.svg\" alt=\"\"> <span><\/span>\r\n                    <\/div>\r\n                    <h4>Vehicle for hours > Relocation<\/h4>\n<p>Do you need to transpor your new furnitures? You do not have to use an expensive service of transport company.<\/p>\n                <\/div>\r\n            <\/div>\r\n                    <div class=\"offer__item\">\r\n                <div class=\"offer-item\">\r\n                    <div class=\"offer-item__image\">\r\n                        <img decoding=\"async\" src=\"https:\/\/fadoauto.pl\/wp-content\/uploads\/2019\/05\/ic_1.svg\" alt=\"\"> <span><\/span>\r\n                    <\/div>\r\n                    <h4>Special offer for Couriers &#038; Logistics<\/h4>\n<p>Do you work as a courier? With our company you can rent a vehicle at the lowest price on the market \u2013 for only 160 z\u0142 a day. The offert is only available for minimal 3 days rental. <\/p>\n                <\/div>\r\n            <\/div>\r\n                    <div class=\"offer__item\">\r\n                <div class=\"offer-item\">\r\n                    <div class=\"offer-item__image\">\r\n                        <img decoding=\"async\" src=\"https:\/\/fadoauto.pl\/wp-content\/uploads\/2019\/05\/ic_2.svg\" alt=\"\"> <span><\/span>\r\n                    <\/div>\r\n                    <h4>Car for month with fixed price<\/h4>\n<p>Rent your new delivery van and save money! Special offer deticated to business owners (also seasonal businesses). <\/p>\n                <\/div>\r\n            <\/div>\r\n            <\/div>\r\n<\/section>\r\n\n\n<section class=\"branches\">\r\n    <div class=\"container\">\r\n                <div class=\"branches__branch\">\r\n            <div class=\"branches__branch__image\"><img decoding=\"async\" src=\"https:\/\/fadoauto.pl\/wp-content\/uploads\/2019\/05\/branch-0.jpg\" alt=\"\"><\/div>\r\n            <div class=\"branches__branch__text\">\r\n                <h3>Van<br \/>\nRental Szczecin<\/h3>\n<p>Every company needs a solid support \u2013 if you are looking for a way to expand your car fleet, we encourage you to check our offer. We offer you van rental at the perfect prices, with possibility of adjusting rental period, so as to best meet your requirements.<\/p>\n<p>Our vehicles are well equipped and are regularly serviced \u2013 thanks to that, they can be used as a support for your small or growing business. <\/p>\n                <a href=\"\" class=\"button\">Read more <img decoding=\"async\" src=\"https:\/\/fadoauto.pl\/wp-content\/themes\/fado\/assets\/img\/arrow-white.svg\" alt=\"\"><\/a>\r\n            <\/div>\r\n        <\/div>\r\n                <div class=\"branches__branch\">\r\n            <div class=\"branches__branch__image\"><img decoding=\"async\" src=\"https:\/\/fadoauto.pl\/wp-content\/uploads\/2019\/05\/branch-1.jpg\" alt=\"\"><\/div>\r\n            <div class=\"branches__branch__text\">\r\n                <h3>Car Rental<br \/>\nSzczecin<\/h3>\n<p>We also offer you passenger cars for rent, perfect for business purposes, but also for private use. Comfortable features, perfect technical condition and a broad choice of modern cars are just a few things, that makes our customers satisfied with our services. <\/p>\n<p>We have minimalized formalities and prepared for you very attractive prices for car rental \u2013 with our without a limit of kilometers.<\/p>\n                <a href=\"\" class=\"button\">Read more <img decoding=\"async\" src=\"https:\/\/fadoauto.pl\/wp-content\/themes\/fado\/assets\/img\/arrow-white.svg\" alt=\"\"><\/a>\r\n            <\/div>\r\n        <\/div>\r\n            <\/div>\r\n<\/section>\r\n\n\n<div class=\"formalities__bg\">\r\n    <div class=\"container-small\">\r\n        <section class=\"formalities\">\r\n            <h2><span>Formalities in 10 minutes<\/span> <br> see how simple it is!<\/h2>\r\n            <ol>\r\n                                    <li>\r\n                        <div>\r\n                            <img decoding=\"async\" src=\"https:\/\/fadoauto.pl\/wp-content\/uploads\/2019\/05\/car.svg\" alt=\"\">\r\n                            <div class=\"formalities__name\">Choose a vehicle<\/div>\r\n                            <div class=\"formalities__text\">Price depends on<br \/>\r\nthe rental period<\/div>\r\n                        <\/div>\r\n                    <\/li>\r\n                                    <li>\r\n                        <div>\r\n                            <img decoding=\"async\" src=\"https:\/\/fadoauto.pl\/wp-content\/uploads\/2019\/05\/signature.svg\" alt=\"\">\r\n                            <div class=\"formalities__name\">Signing a <br \/> rental agreement<\/div>\r\n                            <div class=\"formalities__text\">You need to prepare driving <br \/>\r\nlicense and identity card<\/div>\r\n                        <\/div>\r\n                    <\/li>\r\n                                    <li>\r\n                        <div>\r\n                            <img decoding=\"async\" src=\"https:\/\/fadoauto.pl\/wp-content\/uploads\/2019\/05\/key.svg\" alt=\"\">\r\n                            <div class=\"formalities__name\">Vehicle delivery<\/div>\r\n                            <div class=\"formalities__text\">Clean and perfect vehicle with full tank <\/div>\r\n                        <\/div>\r\n                    <\/li>\r\n                            <\/ol>\r\n        <\/section>\r\n    <\/div>\r\n<\/div>\r\n","protected":false},"excerpt":{"rendered":"","protected":false},"author":1,"featured_media":0,"parent":0,"menu_order":0,"comment_status":"closed","ping_status":"closed","template":"","meta":{"_acf_changed":false,"footnotes":""},"class_list":["post-682","page","type-page","status-publish","hentry"],"acf":[],"yoast_head":"<!-- This site is optimized with the Yoast SEO plugin v27.4 - https:\/\/yoast.com\/product\/yoast-seo-wordpress\/ -->\n<title>&#x1f947;Fado - Wypo\u017cyczalnia samochod&oacute;w Szczecin Tel. 697 87 87 87<\/title>\n<meta name=\"robots\" content=\"index, follow, max-snippet:-1, max-image-preview:large, max-video-preview:-1\" \/>\n<link rel=\"canonical\" href=\"https:\/\/fadoauto.pl\/en\/\" \/>\n<meta property=\"og:locale\" content=\"en_US\" \/>\n<meta property=\"og:type\" content=\"article\" \/>\n<meta property=\"og:title\" content=\"&#x1f947;Fado - Wypo\u017cyczalnia samochod&oacute;w Szczecin Tel. 697 87 87 87\" \/>\n<meta property=\"og:url\" content=\"https:\/\/fadoauto.pl\/en\/\" \/>\n<meta property=\"og:site_name\" content=\"Fado - Wypo\u017cyczalnia samochod&oacute;w Szczecin Tel. 697 87 87 87\" \/>\n<meta property=\"article:modified_time\" content=\"2021-03-04T08:43:10+00:00\" \/>\n<meta name=\"twitter:card\" content=\"summary_large_image\" \/>\n<script type=\"application\/ld+json\" class=\"yoast-schema-graph\">{\"@context\":\"https:\\\/\\\/schema.org\",\"@graph\":[{\"@type\":\"WebPage\",\"@id\":\"https:\\\/\\\/fadoauto.pl\\\/en\\\/\",\"url\":\"https:\\\/\\\/fadoauto.pl\\\/en\\\/\",\"name\":\"&#x1f947;Fado - Wypo\u017cyczalnia samochod&oacute;w Szczecin Tel. 697 87 87 87\",\"isPartOf\":{\"@id\":\"https:\\\/\\\/fadoauto.pl\\\/#website\"},\"datePublished\":\"2019-05-10T09:17:22+00:00\",\"dateModified\":\"2021-03-04T08:43:10+00:00\",\"breadcrumb\":{\"@id\":\"https:\\\/\\\/fadoauto.pl\\\/en\\\/#breadcrumb\"},\"inLanguage\":\"en-US\",\"potentialAction\":[{\"@type\":\"ReadAction\",\"target\":[\"https:\\\/\\\/fadoauto.pl\\\/en\\\/\"]}]},{\"@type\":\"BreadcrumbList\",\"@id\":\"https:\\\/\\\/fadoauto.pl\\\/en\\\/#breadcrumb\",\"itemListElement\":[{\"@type\":\"ListItem\",\"position\":1,\"name\":\"Strona g\u0142\u00f3wna\",\"item\":\"https:\\\/\\\/fadoauto.pl\\\/en\\\/\"},{\"@type\":\"ListItem\",\"position\":2,\"name\":\"Home\"}]},{\"@type\":\"WebSite\",\"@id\":\"https:\\\/\\\/fadoauto.pl\\\/#website\",\"url\":\"https:\\\/\\\/fadoauto.pl\\\/\",\"name\":\"Fado - Wypo\u017cyczalnia samochod\u00f3w Szczecin Tel. 697 87 87 87\",\"description\":\"Wypo\u017cyczalnia samochod&oacute;w Szczecin - Fado, auta dostawcze oraz osobowe. Wynajem aut.\",\"potentialAction\":[{\"@type\":\"SearchAction\",\"target\":{\"@type\":\"EntryPoint\",\"urlTemplate\":\"https:\\\/\\\/fadoauto.pl\\\/?s={search_term_string}\"},\"query-input\":{\"@type\":\"PropertyValueSpecification\",\"valueRequired\":true,\"valueName\":\"search_term_string\"}}],\"inLanguage\":\"en-US\"}]}<\/script>\n<!-- \/ Yoast SEO plugin. -->","yoast_head_json":{"title":"&#x1f947;Fado - Wypo\u017cyczalnia samochod&oacute;w Szczecin Tel. 697 87 87 87","robots":{"index":"index","follow":"follow","max-snippet":"max-snippet:-1","max-image-preview":"max-image-preview:large","max-video-preview":"max-video-preview:-1"},"canonical":"https:\/\/fadoauto.pl\/en\/","og_locale":"en_US","og_type":"article","og_title":"&#x1f947;Fado - Wypo\u017cyczalnia samochod&oacute;w Szczecin Tel. 697 87 87 87","og_url":"https:\/\/fadoauto.pl\/en\/","og_site_name":"Fado - Wypo\u017cyczalnia samochod&oacute;w Szczecin Tel. 697 87 87 87","article_modified_time":"2021-03-04T08:43:10+00:00","twitter_card":"summary_large_image","schema":{"@context":"https:\/\/schema.org","@graph":[{"@type":"WebPage","@id":"https:\/\/fadoauto.pl\/en\/","url":"https:\/\/fadoauto.pl\/en\/","name":"&#x1f947;Fado - Wypo\u017cyczalnia samochod&oacute;w Szczecin Tel. 697 87 87 87","isPartOf":{"@id":"https:\/\/fadoauto.pl\/#website"},"datePublished":"2019-05-10T09:17:22+00:00","dateModified":"2021-03-04T08:43:10+00:00","breadcrumb":{"@id":"https:\/\/fadoauto.pl\/en\/#breadcrumb"},"inLanguage":"en-US","potentialAction":[{"@type":"ReadAction","target":["https:\/\/fadoauto.pl\/en\/"]}]},{"@type":"BreadcrumbList","@id":"https:\/\/fadoauto.pl\/en\/#breadcrumb","itemListElement":[{"@type":"ListItem","position":1,"name":"Strona g\u0142\u00f3wna","item":"https:\/\/fadoauto.pl\/en\/"},{"@type":"ListItem","position":2,"name":"Home"}]},{"@type":"WebSite","@id":"https:\/\/fadoauto.pl\/#website","url":"https:\/\/fadoauto.pl\/","name":"Fado - Wypo\u017cyczalnia samochod\u00f3w Szczecin Tel. 697 87 87 87","description":"Wypo\u017cyczalnia samochod&oacute;w Szczecin - Fado, auta dostawcze oraz osobowe. Wynajem aut.","potentialAction":[{"@type":"SearchAction","target":{"@type":"EntryPoint","urlTemplate":"https:\/\/fadoauto.pl\/?s={search_term_string}"},"query-input":{"@type":"PropertyValueSpecification","valueRequired":true,"valueName":"search_term_string"}}],"inLanguage":"en-US"}]}},"_links":{"self":[{"href":"https:\/\/fadoauto.pl\/en\/wp-json\/wp\/v2\/pages\/682","targetHints":{"allow":["GET"]}}],"collection":[{"href":"https:\/\/fadoauto.pl\/en\/wp-json\/wp\/v2\/pages"}],"about":[{"href":"https:\/\/fadoauto.pl\/en\/wp-json\/wp\/v2\/types\/page"}],"author":[{"embeddable":true,"href":"https:\/\/fadoauto.pl\/en\/wp-json\/wp\/v2\/users\/1"}],"replies":[{"embeddable":true,"href":"https:\/\/fadoauto.pl\/en\/wp-json\/wp\/v2\/comments?post=682"}],"version-history":[{"count":15,"href":"https:\/\/fadoauto.pl\/en\/wp-json\/wp\/v2\/pages\/682\/revisions"}],"predecessor-version":[{"id":1282,"href":"https:\/\/fadoauto.pl\/en\/wp-json\/wp\/v2\/pages\/682\/revisions\/1282"}],"wp:attachment":[{"href":"https:\/\/fadoauto.pl\/en\/wp-json\/wp\/v2\/media?parent=682"}],"curies":[{"name":"wp","href":"https:\/\/api.w.org\/{rel}","templated":true}]}}